{"id":59,"date":"2026-01-13T19:45:44","date_gmt":"2026-01-13T19:45:44","guid":{"rendered":"https:\/\/aurumcertificacion.com.mx\/?page_id=59"},"modified":"2026-01-14T21:57:20","modified_gmt":"2026-01-14T21:57:20","slug":"cursos-y-certificaciones","status":"publish","type":"page","link":"https:\/\/aurumcertificacion.com.mx\/index.php\/cursos-y-certificaciones\/","title":{"rendered":""},"content":{"rendered":"\n<p><\/p>\n\n\n\n<div class=\"wp-block-cover is-light\"><span aria-hidden=\"true\" class=\"wp-block-cover__background has-background-dim-100 has-background-dim\" style=\"background-color:#a9c2c6\"><\/span><div class=\"wp-block-cover__inner-container is-layout-constrained wp-block-cover-is-layout-constrained\">\n<p class=\"has-text-align-left has-medium-font-size\">En Aurum Excellence, entendemos que no todos los cursos persiguen el mismo objetivo, por ello, ofrecemos el dise\u00f1o de cursos a la medida, seg\u00fan las necesidades del cliente abarcando centros educativos, restaurantes, hoteles, industria, gobierno, seguridad, hospitales, etc.<\/p>\n\n\n\n<p>Nuestra oferta se divide estrat\u00e9gicamente seg\u00fan el tipo de respaldo institucional, garantizando que cada certificaci\u00f3n cumpla una funci\u00f3n clara dentro del desarrollo profesional del participante.<\/p>\n\n\n\n<p class=\"has-text-align-center\"><strong>SECRETARIA DEL TRABAJO Y PREVISION SOCIAL (STPS)<\/strong><\/p>\n\n\n\n<p>La<strong> STPS <\/strong>avala cursos orientados al desarrollo de habilidades pr\u00e1cticas, operativas y laborales, directamente aplicables en el entorno de trabajo, estos programas est\u00e1n dise\u00f1ados para mejorar el desempe\u00f1o, cumplir normativas y fortalecer la empleabilidad. Ejemplos:<\/p>\n\n\n\n<div class=\"wp-block-group alignfull is-content-justification-space-between is-nowrap is-layout-flex wp-container-core-group-is-layout-ee120a7c wp-block-group-is-layout-flex\">\n<div style=\"height:100px;width:0px\" aria-hidden=\"true\" class=\"wp-block-spacer wp-container-content-6388d5dc\"><\/div>\n\n\n\n<div class=\"wp-block-group\"><div class=\"wp-block-group__inner-container is-layout-constrained wp-block-group-is-layout-constrained\">\n<figure class=\"wp-block-image size-thumbnail\"><img loading=\"lazy\" decoding=\"async\" width=\"150\" height=\"150\" src=\"https:\/\/aurumcertificacion.com.mx\/wp-content\/uploads\/2026\/01\/industria-150x150.png\" alt=\"\" class=\"wp-image-121\" srcset=\"https:\/\/aurumcertificacion.com.mx\/wp-content\/uploads\/2026\/01\/industria-150x150.png 150w, https:\/\/aurumcertificacion.com.mx\/wp-content\/uploads\/2026\/01\/industria-300x300.png 300w, https:\/\/aurumcertificacion.com.mx\/wp-content\/uploads\/2026\/01\/industria.png 512w\" sizes=\"auto, (max-width: 150px) 100vw, 150px\" \/><\/figure>\n<\/div><\/div>\n\n\n\n<div style=\"height:100px;width:0px\" aria-hidden=\"true\" class=\"wp-block-spacer wp-container-content-6388d5dc\"><\/div>\n\n\n\n<figure class=\"wp-block-image size-thumbnail is-resized\"><img loading=\"lazy\" decoding=\"async\" width=\"150\" height=\"150\" src=\"https:\/\/aurumcertificacion.com.mx\/wp-content\/uploads\/2026\/01\/desarrollo-humano-150x150.png\" alt=\"\" class=\"wp-image-123\" style=\"width:141px;height:auto\" srcset=\"https:\/\/aurumcertificacion.com.mx\/wp-content\/uploads\/2026\/01\/desarrollo-humano-150x150.png 150w, https:\/\/aurumcertificacion.com.mx\/wp-content\/uploads\/2026\/01\/desarrollo-humano-300x300.png 300w, https:\/\/aurumcertificacion.com.mx\/wp-content\/uploads\/2026\/01\/desarrollo-humano-1024x1024.png 1024w, https:\/\/aurumcertificacion.com.mx\/wp-content\/uploads\/2026\/01\/desarrollo-humano-768x768.png 768w, https:\/\/aurumcertificacion.com.mx\/wp-content\/uploads\/2026\/01\/desarrollo-humano.png 1200w\" sizes=\"auto, (max-width: 150px) 100vw, 150px\" \/><\/figure>\n\n\n\n<div style=\"height:100px;width:0px\" aria-hidden=\"true\" class=\"wp-block-spacer wp-container-content-6388d5dc\"><\/div>\n\n\n\n<figure class=\"wp-block-image size-thumbnail is-resized\"><img loading=\"lazy\" decoding=\"async\" width=\"150\" height=\"150\" src=\"https:\/\/aurumcertificacion.com.mx\/wp-content\/uploads\/2026\/01\/turismo1-150x150.png\" alt=\"\" class=\"wp-image-132\" style=\"width:130px;height:auto\" srcset=\"https:\/\/aurumcertificacion.com.mx\/wp-content\/uploads\/2026\/01\/turismo1-150x150.png 150w, https:\/\/aurumcertificacion.com.mx\/wp-content\/uploads\/2026\/01\/turismo1-300x300.png 300w, https:\/\/aurumcertificacion.com.mx\/wp-content\/uploads\/2026\/01\/turismo1.png 512w\" sizes=\"auto, (max-width: 150px) 100vw, 150px\" \/><\/figure>\n\n\n\n<div style=\"height:100px;width:0px\" aria-hidden=\"true\" class=\"wp-block-spacer wp-container-content-6388d5dc\"><\/div>\n<\/div>\n\n\n\n<figure class=\"wp-block-table aligncenter\"><table><thead><tr><th class=\"has-text-align-center\" data-align=\"center\"><strong>Industria y Sector Productivo<\/strong><\/th><th class=\"has-text-align-center\" data-align=\"center\"><strong>Desarrollo Humano y Organizacional<\/strong><\/th><th class=\"has-text-align-center\" data-align=\"center\"><strong>Turismo, Servicios y Hospitalidad<\/strong><\/th><\/tr><\/thead><tbody><tr><td class=\"has-text-align-center\" data-align=\"center\">\u25cfSeguridad e higiene industria<br>\u25cfPrevenci\u00f3n de riesgos laborales<br>\u25cfManejo seguro de materiales y equipos<br>\u25cfSupervisi\u00f3n operativa y control de procesos<br>\u25cfCultura de calidad y mejora continua<\/td><td class=\"has-text-align-center\" data-align=\"center\">\u25cfLiderazgo operativo<br>\u25cfTrabajo en equipo y comunicaci\u00f3n laboral<br>\u25cfInteligencia emocional aplicada al entorno laboral <br>\u25cfResoluci\u00f3n de conflictos en organizaciones<\/td><td class=\"has-text-align-center\" data-align=\"center\">\u25cfAtenci\u00f3n y servicio al cliente<br>\u25cfProtocolos de seguridad en servicios tur\u00edsticos<br>\u25cfManejo de quejas y crisis en atenci\u00f3n al p\u00fablico<br>\u25cfProfesionalizaci\u00f3n del personal operativo<br><\/td><\/tr><\/tbody><\/table><\/figure>\n\n\n\n<div style=\"height:23px\" aria-hidden=\"true\" class=\"wp-block-spacer\"><\/div>\n\n\n<div class=\"wp-block-image\">\n<figure class=\"aligncenter size-large is-resized\"><img loading=\"lazy\" decoding=\"async\" width=\"1024\" height=\"393\" src=\"https:\/\/aurumcertificacion.com.mx\/wp-content\/uploads\/2026\/01\/stps-1024x393.png\" alt=\"\" class=\"wp-image-117\" style=\"aspect-ratio:2.60566110895696;width:231px;height:auto\" srcset=\"https:\/\/aurumcertificacion.com.mx\/wp-content\/uploads\/2026\/01\/stps-1024x393.png 1024w, https:\/\/aurumcertificacion.com.mx\/wp-content\/uploads\/2026\/01\/stps-300x115.png 300w, https:\/\/aurumcertificacion.com.mx\/wp-content\/uploads\/2026\/01\/stps-768x295.png 768w, https:\/\/aurumcertificacion.com.mx\/wp-content\/uploads\/2026\/01\/stps-1536x589.png 1536w, https:\/\/aurumcertificacion.com.mx\/wp-content\/uploads\/2026\/01\/stps.png 1875w\" sizes=\"auto, (max-width: 1024px) 100vw, 1024px\" \/><\/figure>\n<\/div>\n\n\n<div style=\"height:27px\" aria-hidden=\"true\" class=\"wp-block-spacer\"><\/div>\n\n\n\n<p><strong>Beneficios de Certificarse con Respaldo STPS<\/strong><\/p>\n\n\n\n<p>\u221a Reconocimiento oficial a nivel nacional<\/p>\n\n\n\n<p>\u221a Constancias de capacitaci\u00f3n laboral (ej. DC-3) <\/p>\n\n\n\n<p>\u221a Cumplimiento de requisitos legales y normativos <\/p>\n\n\n\n<p>\u221a Mejora inmediata del perfil laboral <\/p>\n\n\n\n<p>\u221a Mayor empleabilidad y competitividad <\/p>\n\n\n\n<p>\u221a Validez directa ante empresas, dependencias y auditor\u00edas <\/p>\n\n\n\n<p>\u221a Ideal para: trabajadores, t\u00e9cnicos, supervisores, mandos medios, personal operativo y empresas.<\/p>\n\n\n\n<p class=\"has-text-align-center\"><strong>CONSEJO NACIONAL DE HUMANIDADES CIENCIAS Y TECNOLOGIAS (CONAHCYT)<\/strong><\/p>\n\n\n\n<p>\u201cLos cursos respaldados por <strong>CONAHCYT (hoy SECIHTI) <\/strong>se enfocan en el desarrollo del conocimiento, el pensamiento cr\u00edtico, la investigaci\u00f3n aplicada y la toma de decisiones estrat\u00e9gicas, no se limitan a una sola disciplina y abarcan sectores clave para el desarrollo nacional. Ejemplos:<\/p>\n\n\n\n<div class=\"wp-block-group is-horizontal is-content-justification-space-between is-layout-flex wp-container-core-group-is-layout-ed49b07a wp-block-group-is-layout-flex\">\n<div style=\"height:100px;width:23px\" aria-hidden=\"true\" class=\"wp-block-spacer wp-container-content-78b3b043\"><\/div>\n\n\n\n<figure class=\"wp-block-image size-full is-resized\"><img loading=\"lazy\" decoding=\"async\" width=\"512\" height=\"512\" src=\"https:\/\/aurumcertificacion.com.mx\/wp-content\/uploads\/2026\/01\/ciencia-y-tecnoogia.png\" alt=\"\" class=\"wp-image-126\" style=\"object-fit:cover;width:87px;height:auto\" srcset=\"https:\/\/aurumcertificacion.com.mx\/wp-content\/uploads\/2026\/01\/ciencia-y-tecnoogia.png 512w, https:\/\/aurumcertificacion.com.mx\/wp-content\/uploads\/2026\/01\/ciencia-y-tecnoogia-300x300.png 300w, https:\/\/aurumcertificacion.com.mx\/wp-content\/uploads\/2026\/01\/ciencia-y-tecnoogia-150x150.png 150w\" sizes=\"auto, (max-width: 512px) 100vw, 512px\" \/><\/figure>\n\n\n\n<div style=\"height:100px;width:0px\" aria-hidden=\"true\" class=\"wp-block-spacer wp-container-content-64d05d61\"><\/div>\n\n\n\n<figure class=\"wp-block-image size-full is-resized\"><img loading=\"lazy\" decoding=\"async\" width=\"512\" height=\"512\" src=\"https:\/\/aurumcertificacion.com.mx\/wp-content\/uploads\/2026\/01\/ciencias-sociales.png\" alt=\"\" class=\"wp-image-125\" style=\"width:71px;height:auto\" srcset=\"https:\/\/aurumcertificacion.com.mx\/wp-content\/uploads\/2026\/01\/ciencias-sociales.png 512w, https:\/\/aurumcertificacion.com.mx\/wp-content\/uploads\/2026\/01\/ciencias-sociales-300x300.png 300w, https:\/\/aurumcertificacion.com.mx\/wp-content\/uploads\/2026\/01\/ciencias-sociales-150x150.png 150w\" sizes=\"auto, (max-width: 512px) 100vw, 512px\" \/><\/figure>\n\n\n\n<div style=\"height:100px;width:0px\" aria-hidden=\"true\" class=\"wp-block-spacer wp-container-content-64d05d61\"><\/div>\n\n\n\n<figure class=\"wp-block-image size-full is-resized\"><img loading=\"lazy\" decoding=\"async\" width=\"512\" height=\"512\" src=\"https:\/\/aurumcertificacion.com.mx\/wp-content\/uploads\/2026\/01\/CULTURA.png\" alt=\"\" class=\"wp-image-124\" style=\"width:78px;height:auto\" srcset=\"https:\/\/aurumcertificacion.com.mx\/wp-content\/uploads\/2026\/01\/CULTURA.png 512w, https:\/\/aurumcertificacion.com.mx\/wp-content\/uploads\/2026\/01\/CULTURA-300x300.png 300w, https:\/\/aurumcertificacion.com.mx\/wp-content\/uploads\/2026\/01\/CULTURA-150x150.png 150w\" sizes=\"auto, (max-width: 512px) 100vw, 512px\" \/><\/figure>\n\n\n\n<div style=\"height:100px;width:0px\" aria-hidden=\"true\" class=\"wp-block-spacer wp-container-content-64d05d61\"><\/div>\n\n\n\n<figure class=\"wp-block-image size-full is-resized\"><img loading=\"lazy\" decoding=\"async\" width=\"512\" height=\"512\" src=\"https:\/\/aurumcertificacion.com.mx\/wp-content\/uploads\/2026\/01\/secretaria-del-trabajo.png\" alt=\"\" class=\"wp-image-134\" style=\"width:80px;height:auto\" srcset=\"https:\/\/aurumcertificacion.com.mx\/wp-content\/uploads\/2026\/01\/secretaria-del-trabajo.png 512w, https:\/\/aurumcertificacion.com.mx\/wp-content\/uploads\/2026\/01\/secretaria-del-trabajo-300x300.png 300w, https:\/\/aurumcertificacion.com.mx\/wp-content\/uploads\/2026\/01\/secretaria-del-trabajo-150x150.png 150w\" sizes=\"auto, (max-width: 512px) 100vw, 512px\" \/><\/figure>\n\n\n\n<div style=\"height:100px;width:24px\" aria-hidden=\"true\" class=\"wp-block-spacer wp-container-content-64d05d61\"><\/div>\n<\/div>\n\n\n\n<figure class=\"wp-block-table aligncenter\"><table class=\"has-black-color has-text-color has-background has-link-color\" style=\"background-color:#a9c2c6\"><thead><tr><th class=\"has-text-align-center\" data-align=\"center\"><strong>Ciencia, Tecnolog\u00eda e Innovaci\u00f3n<\/strong><\/th><th><strong>Desarrollo Humano y Ciencias Sociales<\/strong> <\/th><th><strong>Turismo, Cultura y Desarrollo Regional<\/strong><\/th><th><strong>Industria, Gesti\u00f3n y Consultor\u00eda<\/strong> <\/th><\/tr><\/thead><tbody><tr><td class=\"has-text-align-center\" data-align=\"center\">\u25cfMetodolog\u00edas de investigaci\u00f3n aplicada <br>\u25cfAn\u00e1lisis de datos para la toma de decisiones <br>\u25cfInnovaci\u00f3n en procesos industriales y de servicios<\/td><td>\u25cfPsicolog\u00eda aplicada al liderazgo <br>\u25cf\u00c9tica profesional y organizacional \u25cfGesti\u00f3n del talento humano<\/td><td> \u25cfGesti\u00f3n del turismo sostenible <br>\u25cfPlaneaci\u00f3n estrat\u00e9gica de proyectos tur\u00edsticos \u25cfImpacto social y econ\u00f3mico del turismo<\/td><td>\u25cfPlaneaci\u00f3n estrat\u00e9gica organizacional <br>\u25cfDise\u00f1o y evaluaci\u00f3n de proyectos \u25cfConsultor\u00eda especializada<\/td><\/tr><\/tbody><\/table><\/figure>\n\n\n\n<div style=\"height:18px\" aria-hidden=\"true\" class=\"wp-block-spacer\"><\/div>\n\n\n<div class=\"wp-block-image\">\n<figure class=\"aligncenter size-full is-resized\"><img loading=\"lazy\" decoding=\"async\" width=\"647\" height=\"506\" src=\"https:\/\/aurumcertificacion.com.mx\/wp-content\/uploads\/2026\/01\/CONACYT.png\" alt=\"\" class=\"wp-image-120\" style=\"aspect-ratio:1.2786996274974602;width:177px;height:auto\" srcset=\"https:\/\/aurumcertificacion.com.mx\/wp-content\/uploads\/2026\/01\/CONACYT.png 647w, https:\/\/aurumcertificacion.com.mx\/wp-content\/uploads\/2026\/01\/CONACYT-300x235.png 300w\" sizes=\"auto, (max-width: 647px) 100vw, 647px\" \/><\/figure>\n<\/div>\n\n\n<p class=\"has-text-align-center has-medium-font-size\"><strong>Beneficios de Certificarse con Respaldo CONAHCYT \/ SECIHTI<\/strong> <\/p>\n\n\n\n<p>\u221aFormaci\u00f3n con rigor cient\u00edfico y metodol\u00f3gico <\/p>\n\n\n\n<p>\u221aReconocimiento institucional en \u00e1mbitos acad\u00e9micos y profesionales <\/p>\n\n\n\n<p>\u221aPreparaci\u00f3n para liderazgo, consultor\u00eda, docencia o investigaci\u00f3n <\/p>\n\n\n\n<p>\u221aIdeal para: profesionistas, directivos, consultores, formadores, investigadores y l\u00edderes de proyectos.<\/p>\n\n\n\n<p class=\"has-text-align-center has-medium-font-size\"><strong>COLEGIO MEXICANO DE CIENCIAS FORENSES A.C.<\/strong><\/p>\n\n\n\n<p>En Aurum Excellence entendemos algo fundamental: en el \u00e1mbito de ciencias forenses, no basta con tener conocimiento, se necesita formaci\u00f3n acreditable, aplicable y respaldada institucionalmente, por ello, ofrecemos una l\u00ednea especializada de cursos en Ciencias Jur\u00eddicas y periciales, desarrollados con un enfoque pr\u00e1ctico, actual y alineado a las exigencias reales del sistema de justicia y respaldados por el Colegio Mexicano de Ciencias Forenses A.C., una instituci\u00f3n con reconocimiento formal ante instancias federales. Estos programas est\u00e1n creados para abogados, operadores del sistema judicial, peritos, consultores y profesionistas que necesitan actualizarse y fortalecer su perfil profesional con formaci\u00f3n seria y aplicable.<\/p>\n\n\n<div class=\"wp-block-image\">\n<figure class=\"aligncenter size-full is-resized\"><img loading=\"lazy\" decoding=\"async\" width=\"512\" height=\"512\" src=\"https:\/\/aurumcertificacion.com.mx\/wp-content\/uploads\/2026\/01\/alianza.png\" alt=\"\" class=\"wp-image-127\" style=\"width:116px;height:auto\" srcset=\"https:\/\/aurumcertificacion.com.mx\/wp-content\/uploads\/2026\/01\/alianza.png 512w, https:\/\/aurumcertificacion.com.mx\/wp-content\/uploads\/2026\/01\/alianza-300x300.png 300w, https:\/\/aurumcertificacion.com.mx\/wp-content\/uploads\/2026\/01\/alianza-150x150.png 150w\" sizes=\"auto, (max-width: 512px) 100vw, 512px\" \/><\/figure>\n<\/div>\n\n\n<p>El respaldo del Colegio Mexicano de Ciencias Forenses A.C. permite que los programas de Aurum Excellence: Cuenten con aval t\u00e9cnico y metodol\u00f3gico Tengan estructura formal y acreditable Brinden mayor solidez curricular Aumenten la credibilidad del participante ante terceros<\/p>\n\n\n<div class=\"wp-block-image\">\n<figure class=\"aligncenter size-large is-resized\"><img loading=\"lazy\" decoding=\"async\" width=\"1024\" height=\"1024\" src=\"https:\/\/aurumcertificacion.com.mx\/wp-content\/uploads\/2026\/01\/logo-foto-del-colegio-mexicano-1024x1024.jpeg\" alt=\"\" class=\"wp-image-119\" style=\"width:132px;height:auto\" srcset=\"https:\/\/aurumcertificacion.com.mx\/wp-content\/uploads\/2026\/01\/logo-foto-del-colegio-mexicano-1024x1024.jpeg 1024w, https:\/\/aurumcertificacion.com.mx\/wp-content\/uploads\/2026\/01\/logo-foto-del-colegio-mexicano-300x300.jpeg 300w, https:\/\/aurumcertificacion.com.mx\/wp-content\/uploads\/2026\/01\/logo-foto-del-colegio-mexicano-150x150.jpeg 150w, https:\/\/aurumcertificacion.com.mx\/wp-content\/uploads\/2026\/01\/logo-foto-del-colegio-mexicano-768x769.jpeg 768w, https:\/\/aurumcertificacion.com.mx\/wp-content\/uploads\/2026\/01\/logo-foto-del-colegio-mexicano.jpeg 1369w\" sizes=\"auto, (max-width: 1024px) 100vw, 1024px\" \/><\/figure>\n<\/div>\n\n\n<p class=\"has-text-align-center has-medium-font-size\">Beneficios de la capacitaci\u00f3n:<\/p>\n\n\n\n<p>\u221a Formaci\u00f3n especializada enfocada en la pr\u00e1ctica real <\/p>\n\n\n\n<p>\u221a Actualizaci\u00f3n conforme a criterios jur\u00eddicos vigentes <\/p>\n\n\n\n<p>\u221a Certificaci\u00f3n con respaldo institucional reconocido <\/p>\n\n\n\n<p class=\"has-text-align-left has-medium-font-size\">\u221a Mayor confianza para actuar en procesos judiciales <\/p>\n\n\n\n<p class=\"has-text-align-left has-medium-font-size\">\u221aVentaja competitiva en litigaci\u00f3n, consultor\u00eda o peritaje<\/p>\n<\/div><\/div>\n","protected":false},"excerpt":{"rendered":"","protected":false},"author":1,"featured_media":0,"parent":0,"menu_order":0,"comment_status":"closed","ping_status":"closed","template":"","meta":{"footnotes":""},"class_list":["post-59","page","type-page","status-publish","hentry"],"aioseo_notices":[],"yoast_head":"<!-- This site is optimized with the Yoast SEO plugin v26.7 - https:\/\/yoast.com\/wordpress\/plugins\/seo\/ -->\n<title>- Aurum Excellente Certificaci\u00f3n<\/title>\n<meta name=\"robots\" content=\"index, follow, max-snippet:-1, max-image-preview:large, max-video-preview:-1\" \/>\n<link rel=\"canonical\" href=\"https:\/\/aurumcertificacion.com.mx\/index.php\/cursos-y-certificaciones\/\" \/>\n<meta property=\"og:locale\" content=\"es_ES\" \/>\n<meta property=\"og:type\" content=\"article\" \/>\n<meta property=\"og:title\" content=\"- Aurum Excellente Certificaci\u00f3n\" \/>\n<meta property=\"og:url\" content=\"https:\/\/aurumcertificacion.com.mx\/index.php\/cursos-y-certificaciones\/\" \/>\n<meta property=\"og:site_name\" content=\"Aurum Excellente Certificaci\u00f3n\" \/>\n<meta property=\"article:modified_time\" content=\"2026-01-14T21:57:20+00:00\" \/>\n<meta property=\"og:image\" content=\"https:\/\/aurumcertificacion.com.mx\/wp-content\/uploads\/2026\/01\/industria.png\" \/>\n\t<meta property=\"og:image:width\" content=\"512\" \/>\n\t<meta property=\"og:image:height\" content=\"512\" \/>\n\t<meta property=\"og:image:type\" content=\"image\/png\" \/>\n<meta name=\"twitter:card\" content=\"summary_large_image\" \/>\n<meta name=\"twitter:label1\" content=\"Tiempo de lectura\" \/>\n\t<meta name=\"twitter:data1\" content=\"5 minutos\" \/>\n<script type=\"application\/ld+json\" class=\"yoast-schema-graph\">{\"@context\":\"https:\/\/schema.org\",\"@graph\":[{\"@type\":\"WebPage\",\"@id\":\"https:\/\/aurumcertificacion.com.mx\/index.php\/cursos-y-certificaciones\/\",\"url\":\"https:\/\/aurumcertificacion.com.mx\/index.php\/cursos-y-certificaciones\/\",\"name\":\"- Aurum Excellente Certificaci\u00f3n\",\"isPartOf\":{\"@id\":\"https:\/\/aurumcertificacion.com.mx\/#website\"},\"primaryImageOfPage\":{\"@id\":\"https:\/\/aurumcertificacion.com.mx\/index.php\/cursos-y-certificaciones\/#primaryimage\"},\"image\":{\"@id\":\"https:\/\/aurumcertificacion.com.mx\/index.php\/cursos-y-certificaciones\/#primaryimage\"},\"thumbnailUrl\":\"https:\/\/aurumcertificacion.com.mx\/wp-content\/uploads\/2026\/01\/industria-150x150.png\",\"datePublished\":\"2026-01-13T19:45:44+00:00\",\"dateModified\":\"2026-01-14T21:57:20+00:00\",\"inLanguage\":\"es\",\"potentialAction\":[{\"@type\":\"ReadAction\",\"target\":[\"https:\/\/aurumcertificacion.com.mx\/index.php\/cursos-y-certificaciones\/\"]}]},{\"@type\":\"ImageObject\",\"inLanguage\":\"es\",\"@id\":\"https:\/\/aurumcertificacion.com.mx\/index.php\/cursos-y-certificaciones\/#primaryimage\",\"url\":\"https:\/\/aurumcertificacion.com.mx\/wp-content\/uploads\/2026\/01\/industria.png\",\"contentUrl\":\"https:\/\/aurumcertificacion.com.mx\/wp-content\/uploads\/2026\/01\/industria.png\",\"width\":512,\"height\":512},{\"@type\":\"WebSite\",\"@id\":\"https:\/\/aurumcertificacion.com.mx\/#website\",\"url\":\"https:\/\/aurumcertificacion.com.mx\/\",\"name\":\"Aurum Certificacion\",\"description\":\"Aurum Excellente\",\"publisher\":{\"@id\":\"https:\/\/aurumcertificacion.com.mx\/#organization\"},\"potentialAction\":[{\"@type\":\"SearchAction\",\"target\":{\"@type\":\"EntryPoint\",\"urlTemplate\":\"https:\/\/aurumcertificacion.com.mx\/?s={search_term_string}\"},\"query-input\":{\"@type\":\"PropertyValueSpecification\",\"valueRequired\":true,\"valueName\":\"search_term_string\"}}],\"inLanguage\":\"es\"},{\"@type\":\"Organization\",\"@id\":\"https:\/\/aurumcertificacion.com.mx\/#organization\",\"name\":\"Aurum Certificacion\",\"url\":\"https:\/\/aurumcertificacion.com.mx\/\",\"logo\":{\"@type\":\"ImageObject\",\"inLanguage\":\"es\",\"@id\":\"https:\/\/aurumcertificacion.com.mx\/#\/schema\/logo\/image\/\",\"url\":\"https:\/\/aurumcertificacion.com.mx\/wp-content\/uploads\/2026\/01\/cropped-cropped-letras-aurum-excellence-scaled-1-1.png\",\"contentUrl\":\"https:\/\/aurumcertificacion.com.mx\/wp-content\/uploads\/2026\/01\/cropped-cropped-letras-aurum-excellence-scaled-1-1.png\",\"width\":2555,\"height\":1606,\"caption\":\"Aurum Certificacion\"},\"image\":{\"@id\":\"https:\/\/aurumcertificacion.com.mx\/#\/schema\/logo\/image\/\"}}]}<\/script>\n<!-- \/ Yoast SEO plugin. -->","yoast_head_json":{"title":"- Aurum Excellente Certificaci\u00f3n","robots":{"index":"index","follow":"follow","max-snippet":"max-snippet:-1","max-image-preview":"max-image-preview:large","max-video-preview":"max-video-preview:-1"},"canonical":"https:\/\/aurumcertificacion.com.mx\/index.php\/cursos-y-certificaciones\/","og_locale":"es_ES","og_type":"article","og_title":"- Aurum Excellente Certificaci\u00f3n","og_url":"https:\/\/aurumcertificacion.com.mx\/index.php\/cursos-y-certificaciones\/","og_site_name":"Aurum Excellente Certificaci\u00f3n","article_modified_time":"2026-01-14T21:57:20+00:00","og_image":[{"width":512,"height":512,"url":"https:\/\/aurumcertificacion.com.mx\/wp-content\/uploads\/2026\/01\/industria.png","type":"image\/png"}],"twitter_card":"summary_large_image","twitter_misc":{"Tiempo de lectura":"5 minutos"},"schema":{"@context":"https:\/\/schema.org","@graph":[{"@type":"WebPage","@id":"https:\/\/aurumcertificacion.com.mx\/index.php\/cursos-y-certificaciones\/","url":"https:\/\/aurumcertificacion.com.mx\/index.php\/cursos-y-certificaciones\/","name":"- Aurum Excellente Certificaci\u00f3n","isPartOf":{"@id":"https:\/\/aurumcertificacion.com.mx\/#website"},"primaryImageOfPage":{"@id":"https:\/\/aurumcertificacion.com.mx\/index.php\/cursos-y-certificaciones\/#primaryimage"},"image":{"@id":"https:\/\/aurumcertificacion.com.mx\/index.php\/cursos-y-certificaciones\/#primaryimage"},"thumbnailUrl":"https:\/\/aurumcertificacion.com.mx\/wp-content\/uploads\/2026\/01\/industria-150x150.png","datePublished":"2026-01-13T19:45:44+00:00","dateModified":"2026-01-14T21:57:20+00:00","inLanguage":"es","potentialAction":[{"@type":"ReadAction","target":["https:\/\/aurumcertificacion.com.mx\/index.php\/cursos-y-certificaciones\/"]}]},{"@type":"ImageObject","inLanguage":"es","@id":"https:\/\/aurumcertificacion.com.mx\/index.php\/cursos-y-certificaciones\/#primaryimage","url":"https:\/\/aurumcertificacion.com.mx\/wp-content\/uploads\/2026\/01\/industria.png","contentUrl":"https:\/\/aurumcertificacion.com.mx\/wp-content\/uploads\/2026\/01\/industria.png","width":512,"height":512},{"@type":"WebSite","@id":"https:\/\/aurumcertificacion.com.mx\/#website","url":"https:\/\/aurumcertificacion.com.mx\/","name":"Aurum Certificacion","description":"Aurum Excellente","publisher":{"@id":"https:\/\/aurumcertificacion.com.mx\/#organization"},"potentialAction":[{"@type":"SearchAction","target":{"@type":"EntryPoint","urlTemplate":"https:\/\/aurumcertificacion.com.mx\/?s={search_term_string}"},"query-input":{"@type":"PropertyValueSpecification","valueRequired":true,"valueName":"search_term_string"}}],"inLanguage":"es"},{"@type":"Organization","@id":"https:\/\/aurumcertificacion.com.mx\/#organization","name":"Aurum Certificacion","url":"https:\/\/aurumcertificacion.com.mx\/","logo":{"@type":"ImageObject","inLanguage":"es","@id":"https:\/\/aurumcertificacion.com.mx\/#\/schema\/logo\/image\/","url":"https:\/\/aurumcertificacion.com.mx\/wp-content\/uploads\/2026\/01\/cropped-cropped-letras-aurum-excellence-scaled-1-1.png","contentUrl":"https:\/\/aurumcertificacion.com.mx\/wp-content\/uploads\/2026\/01\/cropped-cropped-letras-aurum-excellence-scaled-1-1.png","width":2555,"height":1606,"caption":"Aurum Certificacion"},"image":{"@id":"https:\/\/aurumcertificacion.com.mx\/#\/schema\/logo\/image\/"}}]}},"_links":{"self":[{"href":"https:\/\/aurumcertificacion.com.mx\/index.php\/wp-json\/wp\/v2\/pages\/59","targetHints":{"allow":["GET"]}}],"collection":[{"href":"https:\/\/aurumcertificacion.com.mx\/index.php\/wp-json\/wp\/v2\/pages"}],"about":[{"href":"https:\/\/aurumcertificacion.com.mx\/index.php\/wp-json\/wp\/v2\/types\/page"}],"author":[{"embeddable":true,"href":"https:\/\/aurumcertificacion.com.mx\/index.php\/wp-json\/wp\/v2\/users\/1"}],"replies":[{"embeddable":true,"href":"https:\/\/aurumcertificacion.com.mx\/index.php\/wp-json\/wp\/v2\/comments?post=59"}],"version-history":[{"count":40,"href":"https:\/\/aurumcertificacion.com.mx\/index.php\/wp-json\/wp\/v2\/pages\/59\/revisions"}],"predecessor-version":[{"id":289,"href":"https:\/\/aurumcertificacion.com.mx\/index.php\/wp-json\/wp\/v2\/pages\/59\/revisions\/289"}],"wp:attachment":[{"href":"https:\/\/aurumcertificacion.com.mx\/index.php\/wp-json\/wp\/v2\/media?parent=59"}],"curies":[{"name":"wp","href":"https:\/\/api.w.org\/{rel}","templated":true}]}}