{"id":58,"date":"2026-01-13T19:45:44","date_gmt":"2026-01-13T19:45:44","guid":{"rendered":"https:\/\/aurumcertificacion.com.mx\/?page_id=58"},"modified":"2026-01-14T17:42:06","modified_gmt":"2026-01-14T17:42:06","slug":"sobre-nosotros","status":"publish","type":"page","link":"https:\/\/aurumcertificacion.com.mx\/index.php\/sobre-nosotros\/","title":{"rendered":""},"content":{"rendered":"\n<div class=\"wp-block-cover\"><img loading=\"lazy\" decoding=\"async\" width=\"1024\" height=\"683\" class=\"wp-block-cover__image-background wp-image-128 size-large\" alt=\"\" src=\"https:\/\/aurumcertificacion.com.mx\/wp-content\/uploads\/2026\/01\/foto-sobre-nosotros-1024x683.jpg\" data-object-fit=\"cover\" srcset=\"https:\/\/aurumcertificacion.com.mx\/wp-content\/uploads\/2026\/01\/foto-sobre-nosotros-1024x683.jpg 1024w, https:\/\/aurumcertificacion.com.mx\/wp-content\/uploads\/2026\/01\/foto-sobre-nosotros-300x200.jpg 300w, https:\/\/aurumcertificacion.com.mx\/wp-content\/uploads\/2026\/01\/foto-sobre-nosotros-768x512.jpg 768w, https:\/\/aurumcertificacion.com.mx\/wp-content\/uploads\/2026\/01\/foto-sobre-nosotros-1536x1024.jpg 1536w, https:\/\/aurumcertificacion.com.mx\/wp-content\/uploads\/2026\/01\/foto-sobre-nosotros-2048x1365.jpg 2048w\" sizes=\"auto, (max-width: 1024px) 100vw, 1024px\" \/><span aria-hidden=\"true\" class=\"wp-block-cover__background has-background-dim\" style=\"background-color:#8c756b\"><\/span><div class=\"wp-block-cover__inner-container is-layout-constrained wp-block-cover-is-layout-constrained\">\n<p class=\"has-white-color has-text-color has-link-color wp-elements-949737cda5f3cc47757b26da56c8d530\"><strong>Aurum Excellence es una organizaci\u00f3n dedicada al dise\u00f1o, gesti\u00f3n y ejecuci\u00f3n de programas de capacitaci\u00f3n y certificaci\u00f3n profesional, comprometido con el desarrollo del talento humano a trav\u00e9s de procesos confiables, rigurosos y alineados a los est\u00e1ndares vigentes, con un enfoque multisectorial, \u00e9tico y estrat\u00e9gico, orientado al fortalecimiento del capital humano en M\u00e9xico y Am\u00e9rica Latina.<\/strong><\/p>\n\n\n\n<p class=\"has-white-color has-text-color has-link-color wp-elements-8e8aa4d3d779881cd014b7d259d6e963\"><strong>No operamos como una instituci\u00f3n aislada: Aurum <strong>Excellence<\/strong> funciona como una plataforma articuladora, que integra conocimiento, experiencia, pr\u00e1ctica y respaldo institucional a trav\u00e9s de alianzas estrat\u00e9gicas con asociaciones, colegios y organismos legalmente constituidos que cuentan con las acreditaciones,facultades y registros para emitir las certificaciones conforme a la normativa vigente.<\/strong><\/p>\n\n\n\n<p class=\"has-white-color has-text-color has-link-color wp-elements-28ae8e3138aa2d06140fed57e70c6535\"><strong>Aurum <strong>Excellence<\/strong><\/strong> <strong>ha formado alianza con el Colegio Mexicano de Ciencias Forenses A.C. la cual brinda respaldo acad\u00e9mico, t\u00e9cnico y normativo a nuestros procesos de evaluaci\u00f3n y certificaci\u00f3n de competencias<\/strong><\/p>\n\n\n\n<p class=\"has-white-color has-text-color has-link-color wp-elements-247db815a584897e105a560dca781d62\"><strong>Esta alianza permiten que nuestros programas cuenten con respaldo legal e institucional, Cumplimiento normativo, Validez acad\u00e9mica y laboral, Reconocimiento nacional y proyecci\u00f3n internacional<\/strong><\/p>\n\n\n\n<p class=\"has-white-color has-text-color has-link-color wp-elements-4a8171f3f05129136df4b6415efd869b\"><strong>A trav\u00e9s de esta colaboraci\u00f3n, las certificaciones gestionadas por Aurum <strong>Excellence<\/strong><\/strong> <strong>se emiten en apego a los lineamientos y marcos aplicables de la STPS (Secretaria del Trabajo y Previsi\u00f3n Social), SRE (Secretar\u00eda de Relaciones Exteriores) y CONAHCYT (Consejo Nacional de Humanidades Ciencia y Tecnolog\u00eda) garantizando validez, trazabilidad y reconocimiento conforme a los esquemas actuales.<\/strong><\/p>\n\n\n\n<p class=\"has-white-color has-text-color has-link-color wp-elements-f5f71cd7c2b7570ea38a6f6a9ff0fc38\"><strong>Las alianzas de Aurum <strong>Excellence<\/strong>, brindan confianza tanto a personas como a organizaciones que buscan un respaldo serio y profesional de sus competencias y responden a un compromiso claro: ofrecer capacitaci\u00f3n con valor real, respaldo institucional y apego a la legalidad, contribuyendo al desarrollo profesional del talento humano en M\u00e9xico.<\/strong><\/p>\n\n\n\n<p class=\"has-white-color has-text-color has-link-color wp-elements-55bfa319daab8a2b590c667a14456c46\"><strong>En Aurum <strong>Excellence<\/strong> sabemos que una certificaci\u00f3n debe crear valor al respaldo t\u00e9cnico y una ventaja profesional y aut\u00e9ntica, por lo que trabajamos<\/strong> <strong>para hacerlo realidad.<\/strong><\/p>\n<\/div><\/div>\n\n\n\n<p><\/p>\n","protected":false},"excerpt":{"rendered":"","protected":false},"author":1,"featured_media":94,"parent":0,"menu_order":0,"comment_status":"closed","ping_status":"closed","template":"","meta":{"footnotes":""},"class_list":["post-58","page","type-page","status-publish","has-post-thumbnail","hentry"],"aioseo_notices":[],"yoast_head":"<!-- This site is optimized with the Yoast SEO plugin v26.7 - https:\/\/yoast.com\/wordpress\/plugins\/seo\/ -->\n<title>- Aurum Excellente Certificaci\u00f3n<\/title>\n<meta name=\"robots\" content=\"index, follow, max-snippet:-1, max-image-preview:large, max-video-preview:-1\" \/>\n<link rel=\"canonical\" href=\"https:\/\/aurumcertificacion.com.mx\/index.php\/sobre-nosotros\/\" \/>\n<meta property=\"og:locale\" content=\"es_ES\" \/>\n<meta property=\"og:type\" content=\"article\" \/>\n<meta property=\"og:title\" content=\"- Aurum Excellente Certificaci\u00f3n\" \/>\n<meta property=\"og:url\" content=\"https:\/\/aurumcertificacion.com.mx\/index.php\/sobre-nosotros\/\" \/>\n<meta property=\"og:site_name\" content=\"Aurum Excellente Certificaci\u00f3n\" \/>\n<meta property=\"article:modified_time\" content=\"2026-01-14T17:42:06+00:00\" \/>\n<meta property=\"og:image\" content=\"https:\/\/aurumcertificacion.com.mx\/wp-content\/uploads\/2026\/01\/pngtree-united-hands-teamwork-in-office-concept-relationship-friends-teambuilding-photo-picture-image_13069230.png\" \/>\n\t<meta property=\"og:image:width\" content=\"1200\" \/>\n\t<meta property=\"og:image:height\" content=\"791\" \/>\n\t<meta property=\"og:image:type\" content=\"image\/png\" \/>\n<meta name=\"twitter:card\" content=\"summary_large_image\" \/>\n<meta name=\"twitter:label1\" content=\"Tiempo de lectura\" \/>\n\t<meta name=\"twitter:data1\" content=\"2 minutos\" \/>\n<script type=\"application\/ld+json\" class=\"yoast-schema-graph\">{\"@context\":\"https:\/\/schema.org\",\"@graph\":[{\"@type\":\"WebPage\",\"@id\":\"https:\/\/aurumcertificacion.com.mx\/index.php\/sobre-nosotros\/\",\"url\":\"https:\/\/aurumcertificacion.com.mx\/index.php\/sobre-nosotros\/\",\"name\":\"- Aurum Excellente Certificaci\u00f3n\",\"isPartOf\":{\"@id\":\"https:\/\/aurumcertificacion.com.mx\/#website\"},\"primaryImageOfPage\":{\"@id\":\"https:\/\/aurumcertificacion.com.mx\/index.php\/sobre-nosotros\/#primaryimage\"},\"image\":{\"@id\":\"https:\/\/aurumcertificacion.com.mx\/index.php\/sobre-nosotros\/#primaryimage\"},\"thumbnailUrl\":\"https:\/\/aurumcertificacion.com.mx\/wp-content\/uploads\/2026\/01\/pngtree-united-hands-teamwork-in-office-concept-relationship-friends-teambuilding-photo-picture-image_13069230.png\",\"datePublished\":\"2026-01-13T19:45:44+00:00\",\"dateModified\":\"2026-01-14T17:42:06+00:00\",\"inLanguage\":\"es\",\"potentialAction\":[{\"@type\":\"ReadAction\",\"target\":[\"https:\/\/aurumcertificacion.com.mx\/index.php\/sobre-nosotros\/\"]}]},{\"@type\":\"ImageObject\",\"inLanguage\":\"es\",\"@id\":\"https:\/\/aurumcertificacion.com.mx\/index.php\/sobre-nosotros\/#primaryimage\",\"url\":\"https:\/\/aurumcertificacion.com.mx\/wp-content\/uploads\/2026\/01\/pngtree-united-hands-teamwork-in-office-concept-relationship-friends-teambuilding-photo-picture-image_13069230.png\",\"contentUrl\":\"https:\/\/aurumcertificacion.com.mx\/wp-content\/uploads\/2026\/01\/pngtree-united-hands-teamwork-in-office-concept-relationship-friends-teambuilding-photo-picture-image_13069230.png\",\"width\":1200,\"height\":791},{\"@type\":\"WebSite\",\"@id\":\"https:\/\/aurumcertificacion.com.mx\/#website\",\"url\":\"https:\/\/aurumcertificacion.com.mx\/\",\"name\":\"Aurum Certificacion\",\"description\":\"Aurum Excellente\",\"publisher\":{\"@id\":\"https:\/\/aurumcertificacion.com.mx\/#organization\"},\"potentialAction\":[{\"@type\":\"SearchAction\",\"target\":{\"@type\":\"EntryPoint\",\"urlTemplate\":\"https:\/\/aurumcertificacion.com.mx\/?s={search_term_string}\"},\"query-input\":{\"@type\":\"PropertyValueSpecification\",\"valueRequired\":true,\"valueName\":\"search_term_string\"}}],\"inLanguage\":\"es\"},{\"@type\":\"Organization\",\"@id\":\"https:\/\/aurumcertificacion.com.mx\/#organization\",\"name\":\"Aurum Certificacion\",\"url\":\"https:\/\/aurumcertificacion.com.mx\/\",\"logo\":{\"@type\":\"ImageObject\",\"inLanguage\":\"es\",\"@id\":\"https:\/\/aurumcertificacion.com.mx\/#\/schema\/logo\/image\/\",\"url\":\"https:\/\/aurumcertificacion.com.mx\/wp-content\/uploads\/2026\/01\/cropped-cropped-letras-aurum-excellence-scaled-1-1.png\",\"contentUrl\":\"https:\/\/aurumcertificacion.com.mx\/wp-content\/uploads\/2026\/01\/cropped-cropped-letras-aurum-excellence-scaled-1-1.png\",\"width\":2555,\"height\":1606,\"caption\":\"Aurum Certificacion\"},\"image\":{\"@id\":\"https:\/\/aurumcertificacion.com.mx\/#\/schema\/logo\/image\/\"}}]}<\/script>\n<!-- \/ Yoast SEO plugin. -->","yoast_head_json":{"title":"- Aurum Excellente Certificaci\u00f3n","robots":{"index":"index","follow":"follow","max-snippet":"max-snippet:-1","max-image-preview":"max-image-preview:large","max-video-preview":"max-video-preview:-1"},"canonical":"https:\/\/aurumcertificacion.com.mx\/index.php\/sobre-nosotros\/","og_locale":"es_ES","og_type":"article","og_title":"- Aurum Excellente Certificaci\u00f3n","og_url":"https:\/\/aurumcertificacion.com.mx\/index.php\/sobre-nosotros\/","og_site_name":"Aurum Excellente Certificaci\u00f3n","article_modified_time":"2026-01-14T17:42:06+00:00","og_image":[{"width":1200,"height":791,"url":"https:\/\/aurumcertificacion.com.mx\/wp-content\/uploads\/2026\/01\/pngtree-united-hands-teamwork-in-office-concept-relationship-friends-teambuilding-photo-picture-image_13069230.png","type":"image\/png"}],"twitter_card":"summary_large_image","twitter_misc":{"Tiempo de lectura":"2 minutos"},"schema":{"@context":"https:\/\/schema.org","@graph":[{"@type":"WebPage","@id":"https:\/\/aurumcertificacion.com.mx\/index.php\/sobre-nosotros\/","url":"https:\/\/aurumcertificacion.com.mx\/index.php\/sobre-nosotros\/","name":"- Aurum Excellente Certificaci\u00f3n","isPartOf":{"@id":"https:\/\/aurumcertificacion.com.mx\/#website"},"primaryImageOfPage":{"@id":"https:\/\/aurumcertificacion.com.mx\/index.php\/sobre-nosotros\/#primaryimage"},"image":{"@id":"https:\/\/aurumcertificacion.com.mx\/index.php\/sobre-nosotros\/#primaryimage"},"thumbnailUrl":"https:\/\/aurumcertificacion.com.mx\/wp-content\/uploads\/2026\/01\/pngtree-united-hands-teamwork-in-office-concept-relationship-friends-teambuilding-photo-picture-image_13069230.png","datePublished":"2026-01-13T19:45:44+00:00","dateModified":"2026-01-14T17:42:06+00:00","inLanguage":"es","potentialAction":[{"@type":"ReadAction","target":["https:\/\/aurumcertificacion.com.mx\/index.php\/sobre-nosotros\/"]}]},{"@type":"ImageObject","inLanguage":"es","@id":"https:\/\/aurumcertificacion.com.mx\/index.php\/sobre-nosotros\/#primaryimage","url":"https:\/\/aurumcertificacion.com.mx\/wp-content\/uploads\/2026\/01\/pngtree-united-hands-teamwork-in-office-concept-relationship-friends-teambuilding-photo-picture-image_13069230.png","contentUrl":"https:\/\/aurumcertificacion.com.mx\/wp-content\/uploads\/2026\/01\/pngtree-united-hands-teamwork-in-office-concept-relationship-friends-teambuilding-photo-picture-image_13069230.png","width":1200,"height":791},{"@type":"WebSite","@id":"https:\/\/aurumcertificacion.com.mx\/#website","url":"https:\/\/aurumcertificacion.com.mx\/","name":"Aurum Certificacion","description":"Aurum Excellente","publisher":{"@id":"https:\/\/aurumcertificacion.com.mx\/#organization"},"potentialAction":[{"@type":"SearchAction","target":{"@type":"EntryPoint","urlTemplate":"https:\/\/aurumcertificacion.com.mx\/?s={search_term_string}"},"query-input":{"@type":"PropertyValueSpecification","valueRequired":true,"valueName":"search_term_string"}}],"inLanguage":"es"},{"@type":"Organization","@id":"https:\/\/aurumcertificacion.com.mx\/#organization","name":"Aurum Certificacion","url":"https:\/\/aurumcertificacion.com.mx\/","logo":{"@type":"ImageObject","inLanguage":"es","@id":"https:\/\/aurumcertificacion.com.mx\/#\/schema\/logo\/image\/","url":"https:\/\/aurumcertificacion.com.mx\/wp-content\/uploads\/2026\/01\/cropped-cropped-letras-aurum-excellence-scaled-1-1.png","contentUrl":"https:\/\/aurumcertificacion.com.mx\/wp-content\/uploads\/2026\/01\/cropped-cropped-letras-aurum-excellence-scaled-1-1.png","width":2555,"height":1606,"caption":"Aurum Certificacion"},"image":{"@id":"https:\/\/aurumcertificacion.com.mx\/#\/schema\/logo\/image\/"}}]}},"_links":{"self":[{"href":"https:\/\/aurumcertificacion.com.mx\/index.php\/wp-json\/wp\/v2\/pages\/58","targetHints":{"allow":["GET"]}}],"collection":[{"href":"https:\/\/aurumcertificacion.com.mx\/index.php\/wp-json\/wp\/v2\/pages"}],"about":[{"href":"https:\/\/aurumcertificacion.com.mx\/index.php\/wp-json\/wp\/v2\/types\/page"}],"author":[{"embeddable":true,"href":"https:\/\/aurumcertificacion.com.mx\/index.php\/wp-json\/wp\/v2\/users\/1"}],"replies":[{"embeddable":true,"href":"https:\/\/aurumcertificacion.com.mx\/index.php\/wp-json\/wp\/v2\/comments?post=58"}],"version-history":[{"count":10,"href":"https:\/\/aurumcertificacion.com.mx\/index.php\/wp-json\/wp\/v2\/pages\/58\/revisions"}],"predecessor-version":[{"id":253,"href":"https:\/\/aurumcertificacion.com.mx\/index.php\/wp-json\/wp\/v2\/pages\/58\/revisions\/253"}],"wp:featuredmedia":[{"embeddable":true,"href":"https:\/\/aurumcertificacion.com.mx\/index.php\/wp-json\/wp\/v2\/media\/94"}],"wp:attachment":[{"href":"https:\/\/aurumcertificacion.com.mx\/index.php\/wp-json\/wp\/v2\/media?parent=58"}],"curies":[{"name":"wp","href":"https:\/\/api.w.org\/{rel}","templated":true}]}}